{"id":9319,"date":"2021-09-22T13:12:05","date_gmt":"2021-09-22T13:12:05","guid":{"rendered":"https:\/\/zigarren-magazin.com\/allgemeine_geschaeftsbedingungen\/"},"modified":"2025-10-08T12:47:04","modified_gmt":"2025-10-08T12:47:04","slug":"allgemeine_geschaeftsbedingungen","status":"publish","type":"page","link":"https:\/\/hauptstadt-smoke.com\/en\/allgemeine_geschaeftsbedingungen","title":{"rendered":"Allgemeine Gesch\u00e4ftsbedingungen"},"content":{"rendered":"<p><strong>Allgemein<\/strong><br>Hauptstadt-Smoke ist eine Veranstaltung des Zigarren Magazin Verlag UG, nachstehend<br>ZMVgenannt. Diese ist durch die nachstehenden Bedingungen geregelt.<br><br><strong>Geltungsbereich<\/strong><br>F\u00fcr s\u00e4mtliche Vertr\u00e4ge und erteilten Auftr\u00e4ge betreffend die Lieferung von Tickets gelten im<br>Verh\u00e4ltnis zu ZMV ausschlie\u00dflich die nachfolgenden Allgemeinen Gesch\u00e4ftsbedingungen.<br><br><strong>Vertragsabschluss<\/strong><br>Das Angebot f\u00fcr einen Vertragsabschluss geht vom Kunden aus, sobald er den sogenannten<br>Kaufen-Button bzw. die entsprechend \u00a7 312j Abs. 3 BGB eindeutig beschriftete Schaltfl\u00e4che<br>angeklickt hat.<br>Erst mit der Best\u00e4tigung durch ZMV kommt der Vertrag zu Stande. Diese Best\u00e4tigung<br>berechtigt zum Einlass. Es gibt keine physischen Tickets. Vielmehr wird der Name des<br>Kunden auf eine G\u00e4steliste gesetzt.<br><br><strong>Widerrufsrecht<\/strong><br>Vertr\u00e4ge zur Erbringung von Dienstleistungen in den Bereichen Beherbergung zu anderen<br>Zwecken als zu Wohnzwecken, Bef\u00f6rderung von Waren, Kraftfahrzeugvermietung, Lieferung<br>von Speisen und Getr\u00e4nken sowie zur Erbringung weiterer Dienstleistungen im<br>Zusammenhang mit Freizeitbet\u00e4tigungen, wenn der Vertrag f\u00fcr die Erbringung einen<br>spezifischen Termin oder Zeitraum vorsieht (\u00a7 312g Abs. 2 Satz 1 Nr. 9 BGB). Das hei\u00dft,<br>soweit ZMV-Dienstleistungen aus dem Bereich der Freizeitbet\u00e4tigung anbietet, insbesondere<br>Tickets f\u00fcr Veranstaltungen, besteht kein Widerrufsrecht. Jede Bestellung von Tickets ist<br>damit unmittelbar nach Best\u00e4tigung gem\u00e4\u00df Vertragsabschluss durch ZMV bindend und<br>verpflichtet zur Abnahme und Bezahlung der bestellten Karten.<br><br><strong>Leistungen<\/strong><br>ZMV stellt dem Kunden zw\u00f6lf Premium Zigarren gem\u00e4\u00df Angebot zur Verf\u00fcgung. Sollte einer<br>unserer Sponsoren oder Lieferanten nicht in der Lage sein, trotz schriftlicher Vereinbarung,<br>die angebotene Zigarre p\u00fcnktlich zu liefern, gibt es gleichwertigen Ersatz.<br>Das Fine Dining Menu besteht aus Vorspeise, Hauptgang und Dessert und ist nicht<br>f\u00fcr Veganer geeignet.<br>Sekt, Weine, Bier und alkoholfreie bzw. Hei\u00dfgetrr\u00e4nke sind w\u00e4hrend der gesamten<br>Veranstaltung bis ein Uhr morgens erh\u00e4ltlich.<br>Der Noblego- bzw. Obregadogutschein in Form eines Rabattcodes wird am Tag der<br>Veranstaltung ausgegeben und ist bei einer Bestellung des Kunden einl\u00f6sbar.<\/p>","protected":false},"excerpt":{"rendered":"<p>AllgemeinHauptstadt-Smoke ist eine Veranstaltung des Zigarren Magazin Verlag UG, nachstehendZMVgenannt. Diese ist durch die nachstehenden Bedingungen geregelt. GeltungsbereichF\u00fcr s\u00e4mtliche Vertr\u00e4ge und erteilten Auftr\u00e4ge betreffend die Lieferung von Tickets gelten imVerh\u00e4ltnis zu ZMV ausschlie\u00dflich die nachfolgenden Allgemeinen Gesch\u00e4ftsbedingungen. VertragsabschlussDas Angebot f\u00fcr einen Vertragsabschluss geht vom Kunden aus, sobald er den sogenanntenKaufen-Button bzw. die entsprechend \u00a7 312j [&hellip;]<\/p>","protected":false},"author":1,"featured_media":0,"parent":0,"menu_order":0,"comment_status":"closed","ping_status":"closed","template":"","meta":{"footnotes":""},"class_list":["post-9319","page","type-page","status-publish","hentry"],"_links":{"self":[{"href":"https:\/\/hauptstadt-smoke.com\/en\/wp-json\/wp\/v2\/pages\/9319","targetHints":{"allow":["GET"]}}],"collection":[{"href":"https:\/\/hauptstadt-smoke.com\/en\/wp-json\/wp\/v2\/pages"}],"about":[{"href":"https:\/\/hauptstadt-smoke.com\/en\/wp-json\/wp\/v2\/types\/page"}],"author":[{"embeddable":true,"href":"https:\/\/hauptstadt-smoke.com\/en\/wp-json\/wp\/v2\/users\/1"}],"replies":[{"embeddable":true,"href":"https:\/\/hauptstadt-smoke.com\/en\/wp-json\/wp\/v2\/comments?post=9319"}],"version-history":[{"count":3,"href":"https:\/\/hauptstadt-smoke.com\/en\/wp-json\/wp\/v2\/pages\/9319\/revisions"}],"predecessor-version":[{"id":10769,"href":"https:\/\/hauptstadt-smoke.com\/en\/wp-json\/wp\/v2\/pages\/9319\/revisions\/10769"}],"wp:attachment":[{"href":"https:\/\/hauptstadt-smoke.com\/en\/wp-json\/wp\/v2\/media?parent=9319"}],"curies":[{"name":"wp","href":"https:\/\/api.w.org\/{rel}","templated":true}]}}