{"id":10835,"date":"2025-10-14T14:56:30","date_gmt":"2025-10-14T14:56:30","guid":{"rendered":"https:\/\/hauptstadt-smoke.com\/?page_id=10835"},"modified":"2025-10-14T14:56:41","modified_gmt":"2025-10-14T14:56:41","slug":"elementor-10835","status":"publish","type":"page","link":"https:\/\/hauptstadt-smoke.com\/en\/elementor-10835","title":{"rendered":"Elementor #10835"},"content":{"rendered":"<div data-elementor-type=\"wp-page\" data-elementor-id=\"10835\" class=\"elementor elementor-10835\" data-elementor-settings=\"[]\">\n\t\t\t\t\t\t<div class=\"elementor-inner\">\n\t\t\t\t\t\t\t<div class=\"elementor-section-wrap\">\n\t\t\t\t\t\t\t<section class=\"elementor-section elementor-top-section elementor-element elementor-element-bf3919e elementor-hidden-phone elementor-section-boxed elementor-section-height-default elementor-section-height-default\" data-id=\"bf3919e\" data-element_type=\"section\">\n\t\t\t\t\t\t<div class=\"elementor-container elementor-column-gap-default\">\n\t\t\t\t\t\t\t<div class=\"elementor-row\">\n\t\t\t\t\t<div class=\"elementor-column elementor-col-50 elementor-top-column elementor-element elementor-element-1328003\" data-id=\"1328003\" data-element_type=\"column\">\n\t\t\t<div class=\"elementor-column-wrap elementor-element-populated\">\n\t\t\t\t\t\t\t<div class=\"elementor-widget-wrap\">\n\t\t\t\t\t\t<div class=\"elementor-element elementor-element-4b23bfc elementor-widget elementor-widget-image\" data-id=\"4b23bfc\" data-element_type=\"widget\" data-widget_type=\"image.default\">\n\t\t\t\t<div class=\"elementor-widget-container\">\n\t\t\t\t\t<div class=\"elementor-image\">\n\t\t\t\t\t\t\t\t\t\t<img loading=\"lazy\" decoding=\"async\" width=\"1280\" height=\"854\" src=\"https:\/\/hauptstadt-smoke.com\/wp-content\/uploads\/2025\/10\/HS26-Location-Schmiede_Mittelraum_Foto_Andreas-Schwarz-002-min.jpg\" class=\"attachment-kava-thumb-xl size-kava-thumb-xl\" alt=\"\" srcset=\"https:\/\/hauptstadt-smoke.com\/wp-content\/uploads\/2025\/10\/HS26-Location-Schmiede_Mittelraum_Foto_Andreas-Schwarz-002-min.jpg 1280w, https:\/\/hauptstadt-smoke.com\/wp-content\/uploads\/2025\/10\/HS26-Location-Schmiede_Mittelraum_Foto_Andreas-Schwarz-002-min-300x200.jpg 300w, https:\/\/hauptstadt-smoke.com\/wp-content\/uploads\/2025\/10\/HS26-Location-Schmiede_Mittelraum_Foto_Andreas-Schwarz-002-min-1024x683.jpg 1024w, https:\/\/hauptstadt-smoke.com\/wp-content\/uploads\/2025\/10\/HS26-Location-Schmiede_Mittelraum_Foto_Andreas-Schwarz-002-min-768x512.jpg 768w, https:\/\/hauptstadt-smoke.com\/wp-content\/uploads\/2025\/10\/HS26-Location-Schmiede_Mittelraum_Foto_Andreas-Schwarz-002-min-18x12.jpg 18w, https:\/\/hauptstadt-smoke.com\/wp-content\/uploads\/2025\/10\/HS26-Location-Schmiede_Mittelraum_Foto_Andreas-Schwarz-002-min-600x400.jpg 600w\" sizes=\"auto, (max-width: 1280px) 100vw, 1280px\" \/>\t\t\t\t\t\t\t\t\t\t\t<\/div>\n\t\t\t\t<\/div>\n\t\t\t\t<\/div>\n\t\t\t\t\t\t<\/div>\n\t\t\t\t\t<\/div>\n\t\t<\/div>\n\t\t\t\t<div class=\"elementor-column elementor-col-50 elementor-top-column elementor-element elementor-element-1fd3f28\" data-id=\"1fd3f28\" data-element_type=\"column\">\n\t\t\t<div class=\"elementor-column-wrap elementor-element-populated\">\n\t\t\t\t\t\t\t<div class=\"elementor-widget-wrap\">\n\t\t\t\t\t\t<div class=\"elementor-element elementor-element-9d83c79 elementor-hidden-phone elementor-widget elementor-widget-text-editor\" data-id=\"9d83c79\" data-element_type=\"widget\" data-widget_type=\"text-editor.default\">\n\t\t\t\t<div class=\"elementor-widget-container\">\n\t\t\t\t\t<div class=\"elementor-text-editor elementor-clearfix\"><h5 style=\"line-height: 18.4pt; background: white; margin: 0cm 0cm 2.0pt 0cm;\"><span style=\"font-size: 12pt; font-family: 'Arial',sans-serif; color: #595959;\">An diesem Abend wird es 12 Premium Zigarren geben, u. a. Laura Chavin, Quai d\u00b4Orsay, My Father, AVO und Gurkha.\u00a0<\/span><\/h5><\/div>\n\t\t\t\t<\/div>\n\t\t\t\t<\/div>\n\t\t\t\t<div class=\"elementor-element elementor-element-52ed49a elementor-widget elementor-widget-text-editor\" data-id=\"52ed49a\" data-element_type=\"widget\" data-widget_type=\"text-editor.default\">\n\t\t\t\t<div class=\"elementor-widget-container\">\n\t\t\t\t\t<div class=\"elementor-text-editor elementor-clearfix\"><p style=\"line-height: 18.4pt; background: white; margin: 0cm 0cm 2.0pt 0cm;\"><span style=\"font-size: 12pt; font-family: 'Arial',sans-serif; color: #595959;\">Weitere vier Boutique Zigarren werden zum Smoke-In am Vorabend gereicht.<\/span><\/p><\/div>\n\t\t\t\t<\/div>\n\t\t\t\t<\/div>\n\t\t\t\t<div class=\"elementor-element elementor-element-18c539a elementor-widget elementor-widget-text-editor\" data-id=\"18c539a\" data-element_type=\"widget\" data-widget_type=\"text-editor.default\">\n\t\t\t\t<div class=\"elementor-widget-container\">\n\t\t\t\t\t<div class=\"elementor-text-editor elementor-clearfix\"><p style=\"line-height: 18.4pt; background: white; margin: 0cm 0cm 2.0pt 0cm;\"><span style=\"font-family: Arial, sans-serif; font-size: 16px; letter-spacing: 0px;\">Dazu kommt ein 10\u20ac Gutschein von Obregado.com, dem Onlineshop f\u00fcr<br \/>Zigarrenzubeh\u00f6r und Accessoires.<\/span><\/p><\/div>\n\t\t\t\t<\/div>\n\t\t\t\t<\/div>\n\t\t\t\t<div class=\"elementor-element elementor-element-1e3c58a elementor-widget elementor-widget-text-editor\" data-id=\"1e3c58a\" data-element_type=\"widget\" data-widget_type=\"text-editor.default\">\n\t\t\t\t<div class=\"elementor-widget-container\">\n\t\t\t\t\t<div class=\"elementor-text-editor elementor-clearfix\"><p style=\"line-height: 18.4pt; background: white; margin: 0cm 0cm 2.0pt 0cm;\"><span style=\"font-family: Arial, sans-serif; font-size: 16px; letter-spacing: 0px;\">Au\u00dferdem ein 20\u20ac Gutschein von Noblego, dem gro\u00dfen Onlineversand f\u00fcr Zigarren und mehr.<\/span><\/p><\/div>\n\t\t\t\t<\/div>\n\t\t\t\t<\/div>\n\t\t\t\t<div class=\"elementor-element elementor-element-ffe4ebf elementor-widget elementor-widget-text-editor\" data-id=\"ffe4ebf\" data-element_type=\"widget\" data-widget_type=\"text-editor.default\">\n\t\t\t\t<div class=\"elementor-widget-container\">\n\t\t\t\t\t<div class=\"elementor-text-editor elementor-clearfix\"><p style=\"line-height: 18.4pt; background: white; margin: 0cm 0cm 2.0pt 0cm;\"><span style=\"font-family: Arial, sans-serif; font-size: 16px; letter-spacing: 0px;\">Im gesamten Haus darf geraucht werden.<\/span><\/p><\/div>\n\t\t\t\t<\/div>\n\t\t\t\t<\/div>\n\t\t\t\t<div class=\"elementor-element elementor-element-b67238a elementor-widget elementor-widget-text-editor\" data-id=\"b67238a\" data-element_type=\"widget\" data-widget_type=\"text-editor.default\">\n\t\t\t\t<div class=\"elementor-widget-container\">\n\t\t\t\t\t<div class=\"elementor-text-editor elementor-clearfix\"><p style=\"line-height: 18.4pt; background: white; margin: 0cm 0cm 2.0pt 0cm;\"><span style=\"font-family: Arial, sans-serif; font-size: 16px; letter-spacing: 0px;\">Desweiteren servieren wir ein gesetztes Fine Dining Drei-G\u00e4nge Men\u00fc mit deutsch-italienischen K\u00f6stlichkeiten.<\/span><\/p><\/div>\n\t\t\t\t<\/div>\n\t\t\t\t<\/div>\n\t\t\t\t<div class=\"elementor-element elementor-element-3bc3ece elementor-widget elementor-widget-text-editor\" data-id=\"3bc3ece\" data-element_type=\"widget\" data-widget_type=\"text-editor.default\">\n\t\t\t\t<div class=\"elementor-widget-container\">\n\t\t\t\t\t<div class=\"elementor-text-editor elementor-clearfix\"><p style=\"line-height: 18.4pt; background: white; margin: 0cm 0cm 2.0pt 0cm;\"><span style=\"font-family: Arial, sans-serif; font-size: 16px; letter-spacing: 0px;\">Nat\u00fcrlich gibt es die passenden Weine, Sekt, Bier, alkoholfreien Getr\u00e4nke und verschiedene Hei\u00dfgetr\u00e4nke.<\/span><\/p><\/div>\n\t\t\t\t<\/div>\n\t\t\t\t<\/div>\n\t\t\t\t<div class=\"elementor-element elementor-element-8928680 elementor-widget elementor-widget-text-editor\" data-id=\"8928680\" data-element_type=\"widget\" data-widget_type=\"text-editor.default\">\n\t\t\t\t<div class=\"elementor-widget-container\">\n\t\t\t\t\t<div class=\"elementor-text-editor elementor-clearfix\"><p style=\"line-height: 18.4pt; background: white; margin: 0cm 0cm 2.0pt 0cm;\"><span style=\"font-family: Arial, sans-serif; font-size: 16px; letter-spacing: 0px;\">Das vorgenannte Essen und Trinken ist f\u00fcr den gesamten Abend im Ticketpreis ebenso inkludiert wie die insgesamt 16 Zigarren und die genannten Gutscheine. Live-Musik von Nadia Lafi und ihrem Jazztrio sorgt, wie schon 2024, f\u00fcr einen unterhaltsamen Abend.<\/span><\/p><\/div>\n\t\t\t\t<\/div>\n\t\t\t\t<\/div>\n\t\t\t\t<div class=\"elementor-element elementor-element-4d2ddff elementor-widget elementor-widget-text-editor\" data-id=\"4d2ddff\" data-element_type=\"widget\" data-widget_type=\"text-editor.default\">\n\t\t\t\t<div class=\"elementor-widget-container\">\n\t\t\t\t\t<div class=\"elementor-text-editor elementor-clearfix\"><p style=\"line-height: 18.4pt; background: white; margin: 0cm 0cm 2.0pt 0cm;\"><span style=\"font-size: 12pt; font-family: 'Arial',sans-serif; color: #595959;\"><span style=\"font-family: Arial, sans-serif; font-size: 16px;\">Beginn ist um 17 Uhr.<\/span><\/span><\/p><\/div>\n\t\t\t\t<\/div>\n\t\t\t\t<\/div>\n\t\t\t\t<div class=\"elementor-element elementor-element-431eef0 elementor-widget elementor-widget-text-editor\" data-id=\"431eef0\" data-element_type=\"widget\" data-widget_type=\"text-editor.default\">\n\t\t\t\t<div class=\"elementor-widget-container\">\n\t\t\t\t\t<div class=\"elementor-text-editor elementor-clearfix\"><p style=\"line-height: 18.4pt; background: white; margin: 0cm 0cm 2.0pt 0cm;\"><span style=\"font-size: 12pt; font-family: 'Arial',sans-serif; color: #595959;\">As the entire location is available, the event will take place regardless of the weather.<br \/><\/span><\/p><\/div>\n\t\t\t\t<\/div>\n\t\t\t\t<\/div>\n\t\t\t\t<div class=\"elementor-element elementor-element-48292c8 elementor-widget elementor-widget-text-editor\" data-id=\"48292c8\" data-element_type=\"widget\" data-widget_type=\"text-editor.default\">\n\t\t\t\t<div class=\"elementor-widget-container\">\n\t\t\t\t\t<div class=\"elementor-text-editor elementor-clearfix\"><p style=\"line-height: 18.4pt; background: white; margin: 0cm 0cm 2.0pt 0cm;\"><span style=\"font-size: 12pt; font-family: 'Arial',sans-serif; color: #595959;\">Wichtig: Sollten Sie kurzfristig nicht teilnehmen k\u00f6nnen, senden wir Ihnen die 16 Zigarren und die Gutscheine selbstverst\u00e4ndlich per Post zu.<\/span><\/p><\/div>\n\t\t\t\t<\/div>\n\t\t\t\t<\/div>\n\t\t\t\t\t\t<\/div>\n\t\t\t\t\t<\/div>\n\t\t<\/div>\n\t\t\t\t\t\t\t\t<\/div>\n\t\t\t\t\t<\/div>\n\t\t<\/section>\n\t\t\t\t\t\t<\/div>\n\t\t\t\t\t\t<\/div>\n\t\t\t\t\t<\/div>","protected":false},"excerpt":{"rendered":"<p>An diesem Abend wird es 12 Premium Zigarren geben, u. a. Laura Chavin, Quai d\u00b4Orsay, My Father, AVO und Gurkha.\u00a0 Weitere vier Boutique Zigarren werden zum Smoke-In am Vorabend gereicht. Dazu kommt ein 10\u20ac Gutschein von Obregado.com, dem Onlineshop f\u00fcrZigarrenzubeh\u00f6r und Accessoires. Au\u00dferdem ein 20\u20ac Gutschein von Noblego, dem gro\u00dfen Onlineversand f\u00fcr Zigarren und mehr. [&hellip;]<\/p>","protected":false},"author":1,"featured_media":0,"parent":0,"menu_order":0,"comment_status":"closed","ping_status":"closed","template":"","meta":{"footnotes":""},"class_list":["post-10835","page","type-page","status-publish","hentry"],"_links":{"self":[{"href":"https:\/\/hauptstadt-smoke.com\/en\/wp-json\/wp\/v2\/pages\/10835","targetHints":{"allow":["GET"]}}],"collection":[{"href":"https:\/\/hauptstadt-smoke.com\/en\/wp-json\/wp\/v2\/pages"}],"about":[{"href":"https:\/\/hauptstadt-smoke.com\/en\/wp-json\/wp\/v2\/types\/page"}],"author":[{"embeddable":true,"href":"https:\/\/hauptstadt-smoke.com\/en\/wp-json\/wp\/v2\/users\/1"}],"replies":[{"embeddable":true,"href":"https:\/\/hauptstadt-smoke.com\/en\/wp-json\/wp\/v2\/comments?post=10835"}],"version-history":[{"count":4,"href":"https:\/\/hauptstadt-smoke.com\/en\/wp-json\/wp\/v2\/pages\/10835\/revisions"}],"predecessor-version":[{"id":10839,"href":"https:\/\/hauptstadt-smoke.com\/en\/wp-json\/wp\/v2\/pages\/10835\/revisions\/10839"}],"wp:attachment":[{"href":"https:\/\/hauptstadt-smoke.com\/en\/wp-json\/wp\/v2\/media?parent=10835"}],"curies":[{"name":"wp","href":"https:\/\/api.w.org\/{rel}","templated":true}]}}